{"id":19,"date":"2022-04-09T09:45:05","date_gmt":"2022-04-09T06:45:05","guid":{"rendered":"http:\/\/ecesaray.com.tr\/marina\/?page_id=19"},"modified":"2024-11-11T19:14:07","modified_gmt":"2024-11-11T16:14:07","slug":"yat-kulubu","status":"publish","type":"page","link":"https:\/\/ecesaray.com.tr\/marina\/yat-kulubu\/","title":{"rendered":"Yat Kul\u00fcb\u00fc"},"content":{"rendered":"<p>[et_pb_section fb_built=&#8221;1&#8243; custom_padding_last_edited=&#8221;off|tablet&#8221; admin_label=&#8221;Header&#8221; _builder_version=&#8221;4.16&#8243; _module_preset=&#8221;default&#8221; use_background_color_gradient=&#8221;on&#8221; background_color_gradient_direction=&#8221;330deg&#8221; background_color_gradient_stops=&#8221;rgba(2,27,117,0.74) 31%|rgba(0,148,193,0.89) 95%&#8221; background_color_gradient_overlays_image=&#8221;on&#8221; background_color_gradient_start=&#8221;rgba(2,27,117,0.74)&#8221; background_color_gradient_start_position=&#8221;31%&#8221; background_color_gradient_end=&#8221;rgba(0,148,193,0.89)&#8221; background_color_gradient_end_position=&#8221;95%&#8221; background_image=&#8221;https:\/\/ecesaray.com.tr\/marina\/wp-content\/uploads\/2022\/04\/ecemarinayachtclub.jpg&#8221; custom_padding=&#8221;8vw||8vw||true|false&#8221; custom_padding_tablet=&#8221;100px||100px||true|false&#8221; custom_padding_phone=&#8221;80px||80px||true|false&#8221; locked=&#8221;off&#8221; global_colors_info=&#8221;{}&#8221;][et_pb_row _builder_version=&#8221;4.16&#8243; _module_preset=&#8221;default&#8221; global_colors_info=&#8221;{}&#8221;][et_pb_column type=&#8221;4_4&#8243; _builder_version=&#8221;4.16&#8243; _module_preset=&#8221;default&#8221; global_colors_info=&#8221;{}&#8221;][et_pb_text _builder_version=&#8221;4.16&#8243; _module_preset=&#8221;d72c0383-6487-4f2c-ac5c-7d48a6376757&#8243; header_font=&#8221;Playfair Display||||||||&#8221; header_text_color=&#8221;#FFFFFF&#8221; header_font_size=&#8221;150px&#8221; animation_direction=&#8221;top&#8221; header_font_size_tablet=&#8221;10vw&#8221; header_font_size_phone=&#8221;&#8221; header_font_size_last_edited=&#8221;on|phone&#8221; global_colors_info=&#8221;{}&#8221;]<\/p>\n<h1>Yat Kul\u00fcb\u00fc<\/h1>\n<p>[\/et_pb_text][\/et_pb_column][\/et_pb_row][et_pb_row column_structure=&#8221;1_2,1_2&#8243; use_custom_gutter=&#8221;on&#8221; gutter_width=&#8221;1&#8243; make_equal=&#8221;on&#8221; _builder_version=&#8221;4.16&#8243; _module_preset=&#8221;default&#8221; custom_padding=&#8221;0px||0px||true|false&#8221; border_width_all=&#8221;2px&#8221; border_color_all=&#8221;#FFFFFF&#8221; global_colors_info=&#8221;{}&#8221;][et_pb_column type=&#8221;1_2&#8243; _builder_version=&#8221;4.16&#8243; _module_preset=&#8221;default&#8221; custom_padding=&#8221;80px|80px|80px|80px|true|true&#8221; custom_padding_tablet=&#8221;40px|30px|40px|30px|true|true&#8221; custom_padding_phone=&#8221;|20px||20px|false|true&#8221; custom_padding_last_edited=&#8221;on|phone&#8221; global_colors_info=&#8221;{}&#8221;][et_pb_text _builder_version=&#8221;4.16&#8243; _module_preset=&#8221;32021f09-dd67-47fb-8f9a-832b72a38baf&#8221; header_2_font=&#8221;Playfair Display|700|||||||&#8221; header_2_text_color=&#8221;#FFFFFF&#8221; header_2_font_size=&#8221;60px&#8221; header_2_line_height=&#8221;1.1em&#8221; custom_margin=&#8221;||10px||false|false&#8221; animation_direction=&#8221;left&#8221; header_2_font_size_tablet=&#8221;35px&#8221; header_2_font_size_phone=&#8221;22px&#8221; header_2_font_size_last_edited=&#8221;on|phone&#8221; locked=&#8221;off&#8221; global_colors_info=&#8221;{}&#8221;]<\/p>\n<h2><span>Sportif faaliyetler, yelken e\u011fitimi olanaklar\u0131, yar\u0131\u015flar ve regattalar<\/span><\/h2>\n<p>[\/et_pb_text][\/et_pb_column][et_pb_column type=&#8221;1_2&#8243; _builder_version=&#8221;4.16&#8243; _module_preset=&#8221;default&#8221; background_color=&#8221;#FFFFFF&#8221; custom_padding=&#8221;80px|80px|80px|80px|true|true&#8221; custom_padding_tablet=&#8221;40px|30px|40px|30px|true|true&#8221; custom_padding_phone=&#8221;|20px||20px|false|true&#8221; custom_padding_last_edited=&#8221;on|phone&#8221; global_colors_info=&#8221;{}&#8221;][et_pb_image src=&#8221;https:\/\/ecesaray.com.tr\/marina\/wp-content\/uploads\/2022\/04\/yk-300&#215;265-1.jpg&#8221; align=&#8221;center&#8221; _builder_version=&#8221;4.16&#8243; _module_preset=&#8221;default&#8221; max_width=&#8221;56%&#8221; custom_margin=&#8221;||6px|||&#8221; global_colors_info=&#8221;{}&#8221;][\/et_pb_image][et_pb_text _builder_version=&#8221;4.16&#8243; _module_preset=&#8221;aec0be99-8a53-4f75-abf2-64f29a8b4cc2&#8243; text_font=&#8221;Merriweather||||||||&#8221; text_text_color=&#8221;#000000&#8243; text_font_size=&#8221;18px&#8221; text_line_height=&#8221;2em&#8221; text_font_size_tablet=&#8221;16px&#8221; text_font_size_phone=&#8221;12px&#8221; text_font_size_last_edited=&#8221;on|phone&#8221; locked=&#8221;off&#8221; global_colors_info=&#8221;{}&#8221;]<\/p>\n<p style=\"text-align: center;\">\n<p style=\"text-align: center;\">\n<p style=\"text-align: center;\">Ece Saray Yat Kul\u00fcb\u00fc, deniz tutkunlar\u0131n\u0131 Fethiye&#8217;de bulu\u015fturuyor.<\/p>\n<p style=\"text-align: center;\"><span><\/span><span>Denizi seven ve bilen nesiller yeti\u015ftirmeyi ama\u00e7 edindik.<\/span><\/p>\n<p style=\"text-align: center;\"><span><\/span><\/p>\n<p>[\/et_pb_text][et_pb_button button_url=&#8221;https:\/\/ecesaray.com.tr\/marina\/iletisim&#8221; button_text=&#8221;S\u0130Z DE KATILIN&#8221; button_alignment=&#8221;center&#8221; _builder_version=&#8221;4.17.0&#8243; _module_preset=&#8221;fd4cbe8d-44bb-4497-977d-4a9151abc25c&#8221; custom_button=&#8221;on&#8221; button_text_size=&#8221;14px&#8221; button_bg_color=&#8221;#FF4B09&#8243; button_border_width=&#8221;0px&#8221; button_border_radius=&#8221;0px&#8221; button_letter_spacing=&#8221;2px&#8221; button_font=&#8221;|700||on|||||&#8221; background_layout=&#8221;dark&#8221; custom_margin=&#8221;35px|||||&#8221; custom_padding=&#8221;14px|35px|14px|35px|true|true&#8221; custom_padding_tablet=&#8221;12px|30px|12px|30px|true|true&#8221; custom_padding_phone=&#8221;10px|20px|10px|20px|true|true&#8221; custom_padding_last_edited=&#8221;on|phone&#8221; button_text_size_tablet=&#8221;13px&#8221; button_text_size_phone=&#8221;12px&#8221; button_text_size_last_edited=&#8221;on|tablet&#8221; locked=&#8221;off&#8221; global_colors_info=&#8221;{}&#8221; button_bg_color__hover=&#8221;#000000&#8243; button_bg_color__hover_enabled=&#8221;on|desktop&#8221;][\/et_pb_button][\/et_pb_column][\/et_pb_row][\/et_pb_section][et_pb_section fb_built=&#8221;1&#8243; _builder_version=&#8221;4.16&#8243; _module_preset=&#8221;default&#8221; custom_padding=&#8221;||90px|||&#8221; global_colors_info=&#8221;{}&#8221;][et_pb_row column_structure=&#8221;3_5,2_5&#8243; use_custom_gutter=&#8221;on&#8221; gutter_width=&#8221;4&#8243; _builder_version=&#8221;4.16&#8243; _module_preset=&#8221;default&#8221; custom_margin=&#8221;-50px|auto||auto||&#8221; custom_padding=&#8221;4px|||||&#8221; global_colors_info=&#8221;{}&#8221;][et_pb_column type=&#8221;3_5&#8243; _builder_version=&#8221;4.16&#8243; _module_preset=&#8221;default&#8221; custom_padding=&#8221;120px||||false|false&#8221; custom_padding_tablet=&#8221;0px||||false|false&#8221; custom_padding_phone=&#8221;&#8221; custom_padding_last_edited=&#8221;on|tablet&#8221; global_colors_info=&#8221;{}&#8221;][et_pb_text _builder_version=&#8221;4.16&#8243; _module_preset=&#8221;32021f09-dd67-47fb-8f9a-832b72a38baf&#8221; header_2_font=&#8221;Playfair Display|700|||||||&#8221; header_2_text_color=&#8221;gcid-c9411f34-b37e-4feb-a841-9533663e2403&#8243; header_2_font_size=&#8221;60px&#8221; header_2_line_height=&#8221;1.1em&#8221; custom_margin=&#8221;||50px||false|false&#8221; custom_margin_tablet=&#8221;||10px||false|false&#8221; custom_margin_phone=&#8221;||5px||false|false&#8221; custom_margin_last_edited=&#8221;on|phone&#8221; custom_padding=&#8221;0px|||||&#8221; animation_direction=&#8221;left&#8221; header_2_font_size_tablet=&#8221;35px&#8221; header_2_font_size_phone=&#8221;22px&#8221; header_2_font_size_last_edited=&#8221;on|phone&#8221; locked=&#8221;off&#8221; global_colors_info=&#8221;{}&#8221;]<\/p>\n<h2>Bizi<\/h2>\n<h2>Tan\u0131y\u0131n!<\/h2>\n<p>[\/et_pb_text][et_pb_text _builder_version=&#8221;4.16&#8243; _module_preset=&#8221;aec0be99-8a53-4f75-abf2-64f29a8b4cc2&#8243; text_font=&#8221;Merriweather||||||||&#8221; text_text_color=&#8221;#000000&#8243; text_font_size=&#8221;18px&#8221; text_line_height=&#8221;2em&#8221; custom_margin=&#8221;||50px|||&#8221; text_font_size_tablet=&#8221;16px&#8221; text_font_size_phone=&#8221;12px&#8221; text_font_size_last_edited=&#8221;on|phone&#8221; locked=&#8221;off&#8221; global_colors_info=&#8221;{}&#8221;]<\/p>\n<p style=\"text-align: justify;\">Ece Saray Yat Kul\u00fcb\u00fc, deniz tutkunlar\u0131n\u0131 Fethiye&#8217;de bulu\u015fturuyor. Denizi seven ve bilen nesiller yeti\u015ftirmeyi ama\u00e7 edindik.<\/p>\n<p style=\"text-align: justify;\">Ece Saray Yat Kul\u00fcp; sportif faaliyetler, yelken e\u011fitim olanaklar\u0131, yar\u0131\u015flar ve regattalar d\u00fczenlemeyi planl\u0131yor. Bu vesileyle, Ece Marina\u2019da konaklayan denizcilerin yan\u0131 s\u0131ra Fethiyeli deniz severleri de b\u00fcnyesine katan Ece Saray Yat Kul\u00fcp, deniz tutkunlar\u0131n\u0131 bir araya getirmeyi hedefliyor.<\/p>\n<p style=\"text-align: justify;\">Her y\u0131l geleneksel olarak <span style=\"font-size: 18px;\">19 May\u0131s Atat\u00fcrk\u2019\u00fc Anma Gen\u00e7lik ve Spor Bayram\u0131 Rallisi ve <\/span><span style=\"font-size: 18px;\">29 Ekim Cumhuriyet Bayram\u0131 Rallisi d\u00fczenlenmektedir.<\/span><\/p>\n<p>[\/et_pb_text][\/et_pb_column][et_pb_column type=&#8221;2_5&#8243; _builder_version=&#8221;4.16&#8243; _module_preset=&#8221;default&#8221; custom_padding=&#8221;120px||||false|false&#8221; custom_padding_tablet=&#8221;0px||||false|false&#8221; custom_padding_phone=&#8221;&#8221; custom_padding_last_edited=&#8221;on|tablet&#8221; global_colors_info=&#8221;{}&#8221;][et_pb_image src=&#8221;https:\/\/ecesaray.com.tr\/marina\/wp-content\/uploads\/2022\/04\/yk-300&#215;265-1.jpg&#8221; align=&#8221;center&#8221; _builder_version=&#8221;4.16&#8243; _module_preset=&#8221;default&#8221; width=&#8221;80%&#8221; custom_padding=&#8221;196px|||||&#8221; global_colors_info=&#8221;{}&#8221;][\/et_pb_image][\/et_pb_column][\/et_pb_row][et_pb_row _builder_version=&#8221;4.16&#8243; _module_preset=&#8221;default&#8221; global_colors_info=&#8221;{}&#8221;][et_pb_column type=&#8221;4_4&#8243; _builder_version=&#8221;4.16&#8243; _module_preset=&#8221;default&#8221; global_colors_info=&#8221;{}&#8221;][et_pb_text _builder_version=&#8221;4.16&#8243; _module_preset=&#8221;32021f09-dd67-47fb-8f9a-832b72a38baf&#8221; header_2_font=&#8221;Playfair Display|700|||||||&#8221; header_2_text_color=&#8221;gcid-c9411f34-b37e-4feb-a841-9533663e2403&#8243; header_2_font_size=&#8221;60px&#8221; header_2_line_height=&#8221;1.1em&#8221; custom_margin=&#8221;||50px||false|false&#8221; custom_margin_tablet=&#8221;||10px||false|false&#8221; custom_margin_phone=&#8221;||5px||false|false&#8221; custom_margin_last_edited=&#8221;on|phone&#8221; custom_padding=&#8221;0px|||||&#8221; animation_direction=&#8221;left&#8221; header_2_font_size_tablet=&#8221;35px&#8221; header_2_font_size_phone=&#8221;22px&#8221; header_2_font_size_last_edited=&#8221;on|phone&#8221; locked=&#8221;off&#8221; global_colors_info=&#8221;{}&#8221;]<\/p>\n<h2>Unutulmaz an\u0131lar\u0131m\u0131zdan baz\u0131lar\u0131&#8230;<\/h2>\n<p>[\/et_pb_text][et_pb_gallery _builder_version=&#8221;4.27.3&#8243; _module_preset=&#8221;default&#8221; gallery_ids=&#8221;49,51,53,55,59,57&#8243; gallery_orderby=&#8221;rand&#8221; hover_enabled=&#8221;0&#8243; sticky_enabled=&#8221;0&#8243; show_title_and_caption=&#8221;off&#8221; posts_number=&#8221;8&#8243; locked=&#8221;off&#8221;][\/et_pb_gallery][\/et_pb_column][\/et_pb_row][\/et_pb_section][et_pb_section fb_built=&#8221;1&#8243; specialty=&#8221;on&#8221; custom_padding_last_edited=&#8221;off|phone&#8221; padding_bottom_2=&#8221;40px&#8221; padding_top_bottom_link_2=&#8221;false&#8221; padding_left_right_link_2=&#8221;false&#8221; admin_label=&#8221;Footer&#8221; _builder_version=&#8221;4.16&#8243; _module_preset=&#8221;default&#8221; use_background_color_gradient=&#8221;on&#8221; background_color_gradient_stops=&#8221;rgba(18,17,93,0.4) 0%|#03015b 100%&#8221; background_color_gradient_overlays_image=&#8221;on&#8221; background_color_gradient_start=&#8221;rgba(18,17,93,0.4)&#8221; background_color_gradient_end=&#8221;#03015b&#8221; background_image=&#8221;https:\/\/ecesaray.com.tr\/marina\/wp-content\/uploads\/2022\/04\/ecesaray-drone.jpg&#8221; background_position=&#8221;bottom_center&#8221; custom_padding=&#8221;10%||0px||false|false&#8221; custom_padding_tablet=&#8221;||||false|false&#8221; custom_padding_phone=&#8221;||||false|false&#8221; animation_direction=&#8221;bottom&#8221; saved_tabs=&#8221;all&#8221; global_colors_info=&#8221;{%22gcid-46874eab-1234-4e38-a80-8c3d8f036d9c%22:%91%22colorEnd%22%93}&#8221;][et_pb_column type=&#8221;2_3&#8243; specialty_columns=&#8221;2&#8243; _builder_version=&#8221;4.16&#8243; custom_padding=&#8221;|||&#8221; global_colors_info=&#8221;{}&#8221; custom_padding__hover=&#8221;|||&#8221;][et_pb_row_inner custom_padding_last_edited=&#8221;on|phone&#8221; _builder_version=&#8221;4.16&#8243; _module_preset=&#8221;default&#8221; background_color=&#8221;#03033A&#8221; custom_padding=&#8221;80px|8%||8%|false|true&#8221; custom_padding_tablet=&#8221;60px|60px||60px|false|true&#8221; custom_padding_phone=&#8221;30px|20px||20px|false|true&#8221; global_colors_info=&#8221;{%22gcid-c9411f76-b37e-4feb-a841-9533663e2403%22:%91%22background_color%22%93}&#8221;][et_pb_column_inner saved_specialty_column_type=&#8221;2_3&#8243; _builder_version=&#8221;4.16&#8243; _module_preset=&#8221;default&#8221; global_colors_info=&#8221;{}&#8221;][et_pb_image src=&#8221;https:\/\/ecesaray.com.tr\/marina\/wp-content\/uploads\/2022\/04\/ECE-MARINA-COLOR-300&#215;129-1-300&#215;129.png&#8221; title_text=&#8221;ECE-MARINA-COLOR-300&#215;129-1&#8243; _builder_version=&#8221;4.17.0&#8243; _module_preset=&#8221;default&#8221; global_colors_info=&#8221;{}&#8221;][\/et_pb_image][\/et_pb_column_inner][\/et_pb_row_inner][et_pb_row_inner column_structure=&#8221;1_2,1_2&#8243; custom_padding_last_edited=&#8221;on|phone&#8221; _builder_version=&#8221;4.16&#8243; _module_preset=&#8221;default&#8221; background_color=&#8221;#03033A&#8221; custom_padding=&#8221;|8%|80px|8%|false|true&#8221; custom_padding_tablet=&#8221;|60px|60px|60px|false|true&#8221; custom_padding_phone=&#8221;|20px|30px|20px|false|true&#8221; global_colors_info=&#8221;{}&#8221;][et_pb_column_inner type=&#8221;1_2&#8243; saved_specialty_column_type=&#8221;2_3&#8243; _builder_version=&#8221;4.16&#8243; _module_preset=&#8221;default&#8221; global_colors_info=&#8221;{}&#8221;][et_pb_text _builder_version=&#8221;4.16&#8243; _module_preset=&#8221;4deaa1a6-d0cd-49d0-ada3-8dc66addd086&#8243; header_2_text_color=&#8221;#FFFFFF&#8221; header_4_font=&#8221;|700||on|||||&#8221; header_4_text_color=&#8221;rgba(255,255,255,0.4)&#8221; header_4_font_size=&#8221;14px&#8221; header_4_letter_spacing=&#8221;2px&#8221; header_4_line_height=&#8221;2em&#8221; background_layout=&#8221;dark&#8221; custom_margin=&#8221;||0px||false|false&#8221; locked=&#8221;off&#8221; global_colors_info=&#8221;{}&#8221;]<\/p>\n<h4>\u0130LET\u0130\u015e\u0130M<\/h4>\n<p>[\/et_pb_text][et_pb_text _builder_version=&#8221;4.27.2&#8243; _module_preset=&#8221;aec0be60-8a53-4f75-abf2-64f29a8b4cc2&#8243; text_font=&#8221;Merriweather||||||||&#8221; text_text_color=&#8221;#FFFFFF&#8221; text_font_size=&#8221;18px&#8221; text_line_height=&#8221;2em&#8221; custom_margin=&#8221;||5px||false|false&#8221; custom_padding=&#8221;||0px|||&#8221; text_font_size_tablet=&#8221;16px&#8221; text_font_size_phone=&#8221;12px&#8221; text_font_size_last_edited=&#8221;on|phone&#8221; locked=&#8221;off&#8221; global_colors_info=&#8221;{}&#8221;]<a href=\"tel:+9070741211329\">+90 252 612 88 29 (Ofis)<\/a><\/p>\n<p><a href=\"tel:+9 2526125005\">+90 252 612 50 05 (Santral)<\/a><\/p>\n<p><a href=\"mailto:marina@ecemarina.com\">marina@ecemarina.com<\/a><\/p>\n<p>&nbsp;[\/et_pb_text][\/et_pb_column_inner][et_pb_column_inner type=&#8221;1_2&#8243; saved_specialty_column_type=&#8221;2_3&#8243; _builder_version=&#8221;4.16&#8243; _module_preset=&#8221;default&#8221; global_colors_info=&#8221;{}&#8221;][et_pb_text _builder_version=&#8221;4.16&#8243; _module_preset=&#8221;4deaa1a6-d0cd-49d0-ada3-8dc22addd086&#8243; header_2_text_color=&#8221;#FFFFFF&#8221; header_4_font=&#8221;|700||on|||||&#8221; header_4_text_color=&#8221;rgba(255,255,255,0.4)&#8221; header_4_font_size=&#8221;14px&#8221; header_4_letter_spacing=&#8221;2px&#8221; header_4_line_height=&#8221;2em&#8221; background_layout=&#8221;dark&#8221; custom_margin=&#8221;||0px||false|false&#8221; locked=&#8221;off&#8221; global_colors_info=&#8221;{}&#8221;]<\/p>\n<h4>Adres<\/h4>\n<p>[\/et_pb_text][et_pb_text _builder_version=&#8221;4.16&#8243; _module_preset=&#8221;aec0be99-8a53-4f75-abf2-64f29a8b4cc2&#8243; text_font=&#8221;Merriweather||||||||&#8221; text_text_color=&#8221;#FFFFFF&#8221; text_font_size=&#8221;18px&#8221; text_line_height=&#8221;2em&#8221; text_font_size_tablet=&#8221;16px&#8221; text_font_size_phone=&#8221;12px&#8221; text_font_size_last_edited=&#8221;on|phone&#8221; locked=&#8221;off&#8221; global_colors_info=&#8221;{}&#8221;]<\/p>\n<p><span>Karagozler Mevkii No:1<\/span> <span>Yat Liman\u0131<\/span> <span>Fethiye Mugla, Turkiye<\/span><\/p>\n<p>[\/et_pb_text][\/et_pb_column_inner][\/et_pb_row_inner][\/et_pb_column][et_pb_column type=&#8221;1_3&#8243; _builder_version=&#8221;4.16&#8243; custom_padding=&#8221;|||&#8221; global_colors_info=&#8221;{}&#8221; custom_padding__hover=&#8221;|||&#8221;][et_pb_text _builder_version=&#8221;4.16&#8243; _module_preset=&#8221;32021f09-dd67-47fb-8f9a-832b72a38baf&#8221; header_2_font=&#8221;Playfair Display|700|||||||&#8221; header_2_text_color=&#8221;#FFFFFF&#8221; header_2_font_size=&#8221;60px&#8221; header_2_line_height=&#8221;1.1em&#8221; custom_margin=&#8221;||10px||false|false&#8221; animation_direction=&#8221;left&#8221; header_2_font_size_tablet=&#8221;35px&#8221; header_2_font_size_phone=&#8221;22px&#8221; header_2_font_size_last_edited=&#8221;on|phone&#8221; locked=&#8221;off&#8221; global_colors_info=&#8221;{}&#8221;]<\/p>\n<h2>Bize<\/h2>\n<h2>Ula\u015f\u0131n<\/h2>\n<p>&nbsp;<\/p>\n<p>[\/et_pb_text][et_pb_button button_url=&#8221;https:\/\/ecesaray.com.tr\/marina\/iletisim&#8221; button_text=&#8221;\u0130leti\u015fim Sayfas\u0131&#8221; _builder_version=&#8221;4.17.0&#8243; _module_preset=&#8221;d231d633-8e0f-4344-80c6-792324b848ba&#8221; custom_button=&#8221;on&#8221; button_text_size=&#8221;14px&#8221; button_border_color=&#8221;#FFFFFF&#8221; button_border_radius=&#8221;0px&#8221; button_letter_spacing=&#8221;2px&#8221; button_font=&#8221;|700||on|||||&#8221; background_layout=&#8221;dark&#8221; custom_padding=&#8221;14px|35px|14px|35px|true|true&#8221; custom_padding_tablet=&#8221;12px|30px|12px|30px|true|true&#8221; custom_padding_phone=&#8221;10px|20px|10px|20px|true|true&#8221; custom_padding_last_edited=&#8221;on|phone&#8221; button_text_size_tablet=&#8221;13px&#8221; button_text_size_phone=&#8221;12px&#8221; button_text_size_last_edited=&#8221;on|tablet&#8221; locked=&#8221;off&#8221; global_colors_info=&#8221;{}&#8221; button_text_color__hover=&#8221;#000000&#8243; button_text_color__hover_enabled=&#8221;on|hover&#8221; button_bg_color__hover=&#8221;#FFFFFF&#8221; button_bg_color__hover_enabled=&#8221;on|hover&#8221;][\/et_pb_button][\/et_pb_column][\/et_pb_section]<\/p>\n","protected":false},"excerpt":{"rendered":"<p>Yat Kul\u00fcb\u00fcSportif faaliyetler, yelken e\u011fitimi olanaklar\u0131, yar\u0131\u015flar ve regattalar Ece Saray Yat Kul\u00fcb\u00fc, deniz tutkunlar\u0131n\u0131 Fethiye&#8217;de bulu\u015fturuyor. Denizi seven ve bilen nesiller yeti\u015ftirmeyi ama\u00e7 edindik. Bizi Tan\u0131y\u0131n!Ece Saray Yat Kul\u00fcb\u00fc, deniz tutkunlar\u0131n\u0131 Fethiye&#8217;de bulu\u015fturuyor. Denizi seven ve bilen nesiller yeti\u015ftirmeyi ama\u00e7 edindik. Ece Saray Yat Kul\u00fcp; sportif faaliyetler, yelken e\u011fitim olanaklar\u0131, yar\u0131\u015flar ve regattalar d\u00fczenlemeyi [&hellip;]<\/p>\n","protected":false},"author":1,"featured_media":0,"parent":0,"menu_order":0,"comment_status":"closed","ping_status":"closed","template":"","meta":{"_et_pb_use_builder":"on","_et_pb_old_content":"","_et_gb_content_width":"","footnotes":""},"class_list":["post-19","page","type-page","status-publish","hentry"],"jetpack_sharing_enabled":true,"_links":{"self":[{"href":"https:\/\/ecesaray.com.tr\/marina\/wp-json\/wp\/v2\/pages\/19"}],"collection":[{"href":"https:\/\/ecesaray.com.tr\/marina\/wp-json\/wp\/v2\/pages"}],"about":[{"href":"https:\/\/ecesaray.com.tr\/marina\/wp-json\/wp\/v2\/types\/page"}],"author":[{"embeddable":true,"href":"https:\/\/ecesaray.com.tr\/marina\/wp-json\/wp\/v2\/users\/1"}],"replies":[{"embeddable":true,"href":"https:\/\/ecesaray.com.tr\/marina\/wp-json\/wp\/v2\/comments?post=19"}],"version-history":[{"count":2,"href":"https:\/\/ecesaray.com.tr\/marina\/wp-json\/wp\/v2\/pages\/19\/revisions"}],"predecessor-version":[{"id":1575,"href":"https:\/\/ecesaray.com.tr\/marina\/wp-json\/wp\/v2\/pages\/19\/revisions\/1575"}],"wp:attachment":[{"href":"https:\/\/ecesaray.com.tr\/marina\/wp-json\/wp\/v2\/media?parent=19"}],"curies":[{"name":"wp","href":"https:\/\/api.w.org\/{rel}","templated":true}]}}