{"id":25,"date":"2022-04-09T09:46:51","date_gmt":"2022-04-09T06:46:51","guid":{"rendered":"http:\/\/ecesaray.com.tr\/marina\/?page_id=25"},"modified":"2024-11-11T19:23:08","modified_gmt":"2024-11-11T16:23:08","slug":"iletisim","status":"publish","type":"page","link":"https:\/\/ecesaray.com.tr\/marina\/iletisim\/","title":{"rendered":"\u0130leti\u015fim"},"content":{"rendered":"<p>[et_pb_section fb_built=&#8221;1&#8243; custom_padding_last_edited=&#8221;on|phone&#8221; admin_label=&#8221;Header&#8221; _builder_version=&#8221;4.16&#8243; _module_preset=&#8221;default&#8221; use_background_color_gradient=&#8221;on&#8221; background_color_gradient_stops=&#8221;rgba(18,17,93,0.4) 0%|rgba(18,17,93,0.92) 100%&#8221; background_color_gradient_overlays_image=&#8221;on&#8221; background_color_gradient_start=&#8221;rgba(18,17,93,0.4)&#8221; background_color_gradient_end=&#8221;rgba(18,17,93,0.92)&#8221; background_image=&#8221;https:\/\/ecesaray.com.tr\/marina\/wp-content\/uploads\/2022\/04\/ecemarinacontact.jpg&#8221; custom_padding=&#8221;120px||0px|||&#8221; custom_padding_tablet=&#8221;100px||||false|false&#8221; custom_padding_phone=&#8221;60px||||false|false&#8221; use_background_color_gradient_tablet=&#8221;on&#8221; background_color_gradient_stops_tablet=&#8221;rgba(255,255,255,0.6) 0%|rgba(255,255,255,0.6) 100%&#8221; background_color_gradient_start_tablet=&#8221;rgba(255,255,255,0.6)&#8221; background_color_gradient_end_tablet=&#8221;rgba(255,255,255,0.6)&#8221; locked=&#8221;off&#8221; global_colors_info=&#8221;{}&#8221;][et_pb_row column_structure=&#8221;1_2,1_2&#8243; _builder_version=&#8221;4.16&#8243; _module_preset=&#8221;default&#8221; locked=&#8221;off&#8221; global_colors_info=&#8221;{}&#8221;][et_pb_column type=&#8221;1_2&#8243; _builder_version=&#8221;4.16&#8243; _module_preset=&#8221;default&#8221; global_colors_info=&#8221;{}&#8221;][\/et_pb_column][et_pb_column type=&#8221;1_2&#8243; _builder_version=&#8221;4.16&#8243; _module_preset=&#8221;default&#8221; global_colors_info=&#8221;{}&#8221;][et_pb_text _builder_version=&#8221;4.16&#8243; _module_preset=&#8221;d72c0383-6487-4f2c-ac5c-7d48a6376757&#8243; header_font=&#8221;Playfair Display||||||||&#8221; header_text_color=&#8221;#FFFFFF&#8221; header_font_size=&#8221;150px&#8221; background_layout=&#8221;dark&#8221; custom_margin=&#8221;|-10%|||false|false&#8221; custom_margin_tablet=&#8221;|0%|||false|false&#8221; custom_margin_phone=&#8221;&#8221; custom_margin_last_edited=&#8221;on|tablet&#8221; custom_padding=&#8221;||||false|false&#8221; animation_direction=&#8221;top&#8221; header_font_size_tablet=&#8221;10vw&#8221; header_font_size_phone=&#8221;&#8221; header_font_size_last_edited=&#8221;on|phone&#8221; locked=&#8221;off&#8221; global_colors_info=&#8221;{}&#8221;]<\/p>\n<h1>\u0130leti\u015fim<\/h1>\n<p>[\/et_pb_text][\/et_pb_column][\/et_pb_row][et_pb_row column_structure=&#8221;1_2,1_2&#8243; _builder_version=&#8221;4.16&#8243; _module_preset=&#8221;default&#8221; custom_margin=&#8221;||0px||false|false&#8221; custom_padding=&#8221;||0px||false|false&#8221; locked=&#8221;off&#8221; global_colors_info=&#8221;{}&#8221;][et_pb_column type=&#8221;1_2&#8243; _builder_version=&#8221;4.16&#8243; _module_preset=&#8221;default&#8221; z_index=&#8221;10&#8243; global_colors_info=&#8221;{}&#8221;][et_pb_text _builder_version=&#8221;4.27.3&#8243; _module_preset=&#8221;default&#8221; hover_enabled=&#8221;0&#8243; sticky_enabled=&#8221;0&#8243;]<iframe src=\"https:\/\/www.google.com\/maps\/embed?pb=!1m18!1m12!1m3!1d3202.1842578697288!2d29.09885581243707!3d36.62195117218287!2m3!1f0!2f0!3f0!3m2!1i1024!2i768!4f13.1!3m3!1m2!1s0x14c0417cc241e369%3A0xe2843d9f33a20d6b!2sEce%20Saray%20Marina%26Resort!5e0!3m2!1str!2str!4v1731342123860!5m2!1str!2str\" width=\"600\" height=\"600\" style=\"border: 0;\" allowfullscreen=\"\" loading=\"lazy\" referrerpolicy=\"no-referrer-when-downgrade\"><\/iframe>[\/et_pb_text][et_pb_button button_url=&#8221;https:\/\/ecesaray.com.tr\/marina\/iletisim\/#form&#8221; button_text=&#8221;\u0130leti\u015fim Formu&#8221; button_alignment=&#8221;right&#8221; _builder_version=&#8221;4.17.0&#8243; _module_preset=&#8221;453338d2-d507-41d5-af5a-025d56027e7e&#8221; custom_button=&#8221;on&#8221; button_text_size=&#8221;60px&#8221; button_text_color=&#8221;#FFFFFF&#8221; button_bg_color=&#8221;#FF4B09&#8243; button_border_width=&#8221;0px&#8221; button_border_radius=&#8221;0px&#8221; button_font=&#8221;Playfair Display||||||||&#8221; button_use_icon=&#8221;off&#8221; background_layout=&#8221;dark&#8221; custom_margin=&#8221;-30px||||false|false&#8221; custom_margin_tablet=&#8221;-10%||||false|false&#8221; custom_margin_phone=&#8221;-20%||||false|false&#8221; custom_margin_last_edited=&#8221;on|desktop&#8221; custom_padding=&#8221;27px||||false|false&#8221; custom_padding_tablet=&#8221;60px||||false|false&#8221; custom_padding_phone=&#8221;40px||||false|false&#8221; custom_padding_last_edited=&#8221;on|phone&#8221; button_text_size_tablet=&#8221;40px&#8221; button_text_size_phone=&#8221;30px&#8221; button_text_size_last_edited=&#8221;on|phone&#8221; custom_css_main_element=&#8221;line-height: 1.2em !important;&#8221; locked=&#8221;off&#8221; global_colors_info=&#8221;{}&#8221; button_bg_color__hover=&#8221;#097EDC&#8221; button_bg_color__hover_enabled=&#8221;on|hover&#8221;][\/et_pb_button][\/et_pb_column][et_pb_column type=&#8221;1_2&#8243; _builder_version=&#8221;4.16&#8243; _module_preset=&#8221;default&#8221; background_color=&#8221;#12115D&#8221; custom_padding=&#8221;80px|60px|16%|0px|false|false&#8221; custom_padding_tablet=&#8221;40px|30px|40px||true|false&#8221; custom_padding_phone=&#8221;|20px|||true|false&#8221; custom_padding_last_edited=&#8221;on|phone&#8221; box_shadow_style=&#8221;preset4&#8243; box_shadow_horizontal=&#8221;-180px&#8221; box_shadow_vertical=&#8221;0px&#8221; box_shadow_color=&#8221;#12115D&#8221; global_colors_info=&#8221;{%22gcid-46874eab-1479-4e97-a380-8c3d8f036d9c%22:%91%22box_shadow_color%22%93}&#8221;][et_pb_image src=&#8221;https:\/\/ecesaray.com.tr\/marina\/wp-content\/uploads\/2022\/04\/ECE-MARINA-COLOR-300&#215;129-1-300&#215;129.png&#8221; title_text=&#8221;ECE-MARINA-COLOR-300&#215;129-1&#8243; _builder_version=&#8221;4.17.0&#8243; _module_preset=&#8221;default&#8221; custom_margin=&#8221;15px|||||&#8221; global_colors_info=&#8221;{}&#8221;][\/et_pb_image][et_pb_blurb title=&#8221;Adres&#8221; use_icon=&#8221;on&#8221; font_icon=&#8221;&#xe080;||divi||400&#8243; icon_color=&#8221;#FF4B09&#8243; icon_placement=&#8221;left&#8221; image_icon_width=&#8221;20px&#8221; content_max_width=&#8221;100%&#8221; image_icon_width_tablet=&#8221;18px&#8221; image_icon_width_phone=&#8221;18px&#8221; image_icon_width_last_edited=&#8221;on|phone&#8221; _builder_version=&#8221;4.16&#8243; _module_preset=&#8221;794e3381-eaa8-4dd9-ae78-e1c4b9119be9&#8243; header_font=&#8221;Merriweather||||||||&#8221; header_text_color=&#8221;#FFFFFF&#8221; header_line_height=&#8221;1.4em&#8221; body_text_color=&#8221;#FFFFFF&#8221; body_line_height=&#8221;1.8em&#8221; custom_padding=&#8221;20px||20px||true|false&#8221; custom_padding_tablet=&#8221;15px||15px||true|false&#8221; custom_padding_phone=&#8221;10px||10px||true|false&#8221; custom_padding_last_edited=&#8221;on|phone&#8221; animation=&#8221;off&#8221; header_font_size_tablet=&#8221;16px&#8221; header_font_size_phone=&#8221;&#8221; header_font_size_last_edited=&#8221;on|phone&#8221; icon_font_size=&#8221;20px&#8221; icon_font_size_tablet=&#8221;18px&#8221; icon_font_size_phone=&#8221;&#8221; icon_font_size_last_edited=&#8221;on|phone&#8221; locked=&#8221;off&#8221; global_colors_info=&#8221;{}&#8221;]<\/p>\n<p><span>Karagozler Mevkii No:1 <\/span><span>Yat Liman\u0131<\/span><\/p>\n<p><span>Fethiye \/ Mugla<\/span><\/p>\n<p>[\/et_pb_blurb][et_pb_blurb title=&#8221;Lat Long &#038; GPS Koordinatlar\u0131&#8221; use_icon=&#8221;on&#8221; font_icon=&#8221;&#xe080;||divi||400&#8243; icon_color=&#8221;#FF4B09&#8243; icon_placement=&#8221;left&#8221; image_icon_width=&#8221;20px&#8221; content_max_width=&#8221;100%&#8221; image_icon_width_tablet=&#8221;18px&#8221; image_icon_width_phone=&#8221;18px&#8221; image_icon_width_last_edited=&#8221;on|phone&#8221; _builder_version=&#8221;4.17.0&#8243; _module_preset=&#8221;794e3381-eaa8-4dd9-ae78-e1c4b9119be9&#8243; header_font=&#8221;Merriweather||||||||&#8221; header_text_color=&#8221;#FFFFFF&#8221; header_line_height=&#8221;1.4em&#8221; body_text_color=&#8221;#FFFFFF&#8221; body_line_height=&#8221;1.8em&#8221; custom_padding=&#8221;20px||20px||true|false&#8221; custom_padding_tablet=&#8221;15px||15px||true|false&#8221; custom_padding_phone=&#8221;10px||10px||true|false&#8221; custom_padding_last_edited=&#8221;on|phone&#8221; animation=&#8221;off&#8221; header_font_size_tablet=&#8221;16px&#8221; header_font_size_phone=&#8221;&#8221; header_font_size_last_edited=&#8221;on|phone&#8221; icon_font_size=&#8221;20px&#8221; icon_font_size_tablet=&#8221;18px&#8221; icon_font_size_phone=&#8221;&#8221; icon_font_size_last_edited=&#8221;on|phone&#8221; locked=&#8221;off&#8221; global_colors_info=&#8221;{}&#8221;]<\/p>\n<p><span>(36.622950, 29.101346)<\/span><br \/><span id=\"dms-lat\" class=\"coordinatetxt\">36\u00b0 37\u2032 22.62\u201d N<br \/><\/span><span id=\"dms-lng\" class=\"coordinatetxt\">29\u00b0 6\u2032 4.8456\u201d E<\/span><\/p>\n<p>[\/et_pb_blurb][et_pb_blurb title=&#8221;Telefon&#8221; use_icon=&#8221;on&#8221; font_icon=&#8221;&#xe090;||divi||400&#8243; icon_color=&#8221;#FF4B09&#8243; icon_placement=&#8221;left&#8221; image_icon_width=&#8221;20px&#8221; content_max_width=&#8221;100%&#8221; image_icon_width_tablet=&#8221;18px&#8221; image_icon_width_phone=&#8221;18px&#8221; image_icon_width_last_edited=&#8221;on|phone&#8221; _builder_version=&#8221;4.27.2&#8243; _module_preset=&#8221;794e3381-eaa8-4dd9-ae78-e1c4b9119be9&#8243; header_font=&#8221;Merriweather||||||||&#8221; header_text_color=&#8221;#FFFFFF&#8221; header_line_height=&#8221;1.4em&#8221; body_text_color=&#8221;#FFFFFF&#8221; body_line_height=&#8221;1.8em&#8221; custom_padding=&#8221;20px||20px||true|false&#8221; custom_padding_tablet=&#8221;15px||15px||true|false&#8221; custom_padding_phone=&#8221;10px||10px||true|false&#8221; custom_padding_last_edited=&#8221;on|phone&#8221; animation=&#8221;off&#8221; header_font_size_tablet=&#8221;16px&#8221; header_font_size_phone=&#8221;&#8221; header_font_size_last_edited=&#8221;on|phone&#8221; icon_font_size=&#8221;20px&#8221; icon_font_size_tablet=&#8221;18px&#8221; icon_font_size_phone=&#8221;&#8221; icon_font_size_last_edited=&#8221;on|phone&#8221; locked=&#8221;off&#8221; global_colors_info=&#8221;{}&#8221;]<a href=\"tel:+902526128829\">+90 252 612 88 29 (Marina Ofis)<\/a><\/p>\n<p><a href=\"tel:+9 2526125005\">+90 252 612 50 05 (Santral)<\/a>[\/et_pb_blurb][et_pb_blurb title=&#8221;Fax&#8221; use_icon=&#8221;on&#8221; font_icon=&#8221;&#xe0fa;||divi||400&#8243; icon_color=&#8221;#FF4B09&#8243; icon_placement=&#8221;left&#8221; image_icon_width=&#8221;20px&#8221; content_max_width=&#8221;100%&#8221; image_icon_width_tablet=&#8221;18px&#8221; image_icon_width_phone=&#8221;18px&#8221; image_icon_width_last_edited=&#8221;on|phone&#8221; _builder_version=&#8221;4.16&#8243; _module_preset=&#8221;794e3381-eaa8-4dd9-ae78-e1c4b9119be9&#8243; header_font=&#8221;Merriweather||||||||&#8221; header_text_color=&#8221;#FFFFFF&#8221; header_line_height=&#8221;1.4em&#8221; body_text_color=&#8221;#FFFFFF&#8221; body_line_height=&#8221;1.8em&#8221; custom_padding=&#8221;20px||20px||true|false&#8221; custom_padding_tablet=&#8221;15px||15px||true|false&#8221; custom_padding_phone=&#8221;10px||10px||true|false&#8221; custom_padding_last_edited=&#8221;on|phone&#8221; animation=&#8221;off&#8221; header_font_size_tablet=&#8221;16px&#8221; header_font_size_phone=&#8221;&#8221; header_font_size_last_edited=&#8221;on|phone&#8221; icon_font_size=&#8221;20px&#8221; icon_font_size_tablet=&#8221;18px&#8221; icon_font_size_phone=&#8221;&#8221; icon_font_size_last_edited=&#8221;on|phone&#8221; locked=&#8221;off&#8221; global_colors_info=&#8221;{}&#8221;]<\/p>\n<p><span>+90 252 612 50 08<\/span><\/p>\n<p>[\/et_pb_blurb][et_pb_blurb title=&#8221;E-Posta&#8221; use_icon=&#8221;on&#8221; font_icon=&#8221;&#xe076;||divi||400&#8243; icon_color=&#8221;#FF4B09&#8243; icon_placement=&#8221;left&#8221; image_icon_width=&#8221;20px&#8221; content_max_width=&#8221;100%&#8221; image_icon_width_tablet=&#8221;18px&#8221; image_icon_width_phone=&#8221;18px&#8221; image_icon_width_last_edited=&#8221;on|phone&#8221; _builder_version=&#8221;4.16&#8243; _module_preset=&#8221;794e3381-eaa8-4dd9-ae78-e1c4b9119be9&#8243; header_font=&#8221;Merriweather||||||||&#8221; header_text_color=&#8221;#FFFFFF&#8221; header_line_height=&#8221;1.4em&#8221; body_text_color=&#8221;#FFFFFF&#8221; body_line_height=&#8221;1.8em&#8221; body_link_font=&#8221;||||on||||&#8221; body_link_text_color=&#8221;#FFFFFF&#8221; custom_padding=&#8221;20px||20px||true|false&#8221; custom_padding_tablet=&#8221;15px||15px||true|false&#8221; custom_padding_phone=&#8221;10px||10px||true|false&#8221; custom_padding_last_edited=&#8221;on|phone&#8221; animation=&#8221;off&#8221; header_font_size_tablet=&#8221;16px&#8221; header_font_size_phone=&#8221;&#8221; header_font_size_last_edited=&#8221;on|phone&#8221; icon_font_size=&#8221;20px&#8221; icon_font_size_tablet=&#8221;18px&#8221; icon_font_size_phone=&#8221;&#8221; icon_font_size_last_edited=&#8221;on|phone&#8221; locked=&#8221;off&#8221; global_colors_info=&#8221;{}&#8221;]<\/p>\n<p><a href=\"mailto:marina@ecemarina.com\">marina@ecemarina.com<\/a><\/p>\n<p>[\/et_pb_blurb][et_pb_blurb title=&#8221;Bizi Instagram&#8217;da Takip Edin!&#8221; use_icon=&#8221;on&#8221; font_icon=&#8221;&#xe09a;||divi||400&#8243; icon_color=&#8221;#FF4B09&#8243; icon_placement=&#8221;left&#8221; image_icon_width=&#8221;20px&#8221; content_max_width=&#8221;100%&#8221; image_icon_width_tablet=&#8221;18px&#8221; image_icon_width_phone=&#8221;18px&#8221; image_icon_width_last_edited=&#8221;on|phone&#8221; _builder_version=&#8221;4.27.2&#8243; _module_preset=&#8221;794e3381-eaa8-4dd9-ae78-e1c4b9119be9&#8243; header_font=&#8221;Merriweather||||||||&#8221; header_text_color=&#8221;#FFFFFF&#8221; header_line_height=&#8221;1.4em&#8221; body_text_color=&#8221;#FFFFFF&#8221; body_line_height=&#8221;1.8em&#8221; body_link_font=&#8221;||||on||||&#8221; body_link_text_color=&#8221;#FFFFFF&#8221; custom_padding=&#8221;20px||20px||true|false&#8221; custom_padding_tablet=&#8221;15px||15px||true|false&#8221; custom_padding_phone=&#8221;10px||10px||true|false&#8221; custom_padding_last_edited=&#8221;on|phone&#8221; animation=&#8221;off&#8221; header_font_size_tablet=&#8221;16px&#8221; header_font_size_phone=&#8221;&#8221; header_font_size_last_edited=&#8221;on|phone&#8221; icon_font_size=&#8221;20px&#8221; icon_font_size_tablet=&#8221;18px&#8221; icon_font_size_phone=&#8221;&#8221; icon_font_size_last_edited=&#8221;on|phone&#8221; locked=&#8221;off&#8221; global_colors_info=&#8221;{}&#8221;]<\/p>\n<p><a href=\"https:\/\/www.instagram.com\/ecesaraymarinaresort\/#\">@ecesaraymarinaresort<\/a><\/p>\n<p>[\/et_pb_blurb][\/et_pb_column][\/et_pb_row][\/et_pb_section][et_pb_section fb_built=&#8221;1&#8243; admin_label=&#8221;Contact&#8221; module_id=&#8221;form&#8221; _builder_version=&#8221;4.17.0&#8243; _module_preset=&#8221;default&#8221; custom_padding=&#8221;0px|||||&#8221; global_colors_info=&#8221;{}&#8221;][et_pb_row _builder_version=&#8221;4.16&#8243; _module_preset=&#8221;default&#8221; width=&#8221;100%&#8221; max_width=&#8221;2560px&#8221; min_height=&#8221;40px&#8221; custom_padding=&#8221;0px|||||&#8221; global_colors_info=&#8221;{}&#8221;][et_pb_column type=&#8221;4_4&#8243; _builder_version=&#8221;4.16&#8243; _module_preset=&#8221;default&#8221; global_colors_info=&#8221;{}&#8221;][\/et_pb_column][\/et_pb_row][et_pb_row _builder_version=&#8221;4.16&#8243; _module_preset=&#8221;default&#8221; global_colors_info=&#8221;{}&#8221;][et_pb_column type=&#8221;4_4&#8243; _builder_version=&#8221;4.16&#8243; _module_preset=&#8221;default&#8221; global_colors_info=&#8221;{}&#8221;][et_pb_code _builder_version=&#8221;4.17.0&#8243; _module_preset=&#8221;default&#8221; global_colors_info=&#8221;{}&#8221;]<div class=\"forminator-ui forminator-custom-form forminator-custom-form-1363 forminator-design--material  forminator_ajax\" data-forminator-render=\"0\" data-form=\"forminator-module-1363\" data-uid=\"69e7bed064a2c\"><br\/><\/div><form\n\t\t\t\tid=\"forminator-module-1363\"\n\t\t\t\tclass=\"forminator-ui forminator-custom-form forminator-custom-form-1363 forminator-design--material  forminator_ajax\"\n\t\t\t\tmethod=\"post\"\n\t\t\t\tdata-forminator-render=\"0\"\n\t\t\t\tdata-form-id=\"1363\"\n\t\t\t\t\n\t\t\t\tdata-design=\"material\"\n\t\t\t\t\n\t\t\t\t\n\t\t\t\t\n\t\t\t\tdata-grid=\"open\"\n\t\t\t\t\n\t\t\t\t\n\t\t\t\tstyle=\"display: none;\"\n\t\t\t\t\n\t\t\t\tdata-uid=\"69e7bed064a2c\"\n\t\t\t><div role=\"alert\" aria-live=\"polite\" class=\"forminator-response-message forminator-error\" aria-hidden=\"true\"><\/div><div class=\"forminator-row\"><div id=\"name-1\" class=\"forminator-field-name forminator-col forminator-col-12 \"><div class=\"forminator-field\"><label for=\"forminator-field-name-1_69e7bed064a2c\" id=\"forminator-field-name-1_69e7bed064a2c-label\" class=\"forminator-label\">Ad\u0131n\u0131z Soyad\u0131n\u0131z <span class=\"forminator-required\">*<\/span><\/label><input type=\"text\" name=\"name-1\" value=\"\" placeholder=\"\" id=\"forminator-field-name-1_69e7bed064a2c\" class=\"forminator-input forminator-name--field\" aria-required=\"true\" \/><\/div><\/div><\/div><div class=\"forminator-row\"><div id=\"email-1\" class=\"forminator-field-email forminator-col forminator-col-12 \"><div class=\"forminator-field\"><label for=\"forminator-field-email-1_69e7bed064a2c\" id=\"forminator-field-email-1_69e7bed064a2c-label\" class=\"forminator-label\">E-posta Adresi <span class=\"forminator-required\">*<\/span><\/label><input type=\"email\" name=\"email-1\" value=\"\" placeholder=\"\" id=\"forminator-field-email-1_69e7bed064a2c\" class=\"forminator-input forminator-email--field\" data-required=\"true\" aria-required=\"true\" \/><\/div><\/div><\/div><div class=\"forminator-row\"><div id=\"phone-1\" class=\"forminator-field-phone forminator-col forminator-col-12 \"><div class=\"forminator-field\"><label for=\"forminator-field-phone-1_69e7bed064a2c\" id=\"forminator-field-phone-1_69e7bed064a2c-label\" class=\"forminator-label\">Telefon Numaras\u0131<\/label><input type=\"text\" name=\"phone-1\" value=\"\" placeholder=\"\" id=\"forminator-field-phone-1_69e7bed064a2c\" class=\"forminator-input forminator-field--phone\" data-required=\"\" aria-required=\"false\" autocomplete=\"off\" \/><\/div><\/div><\/div><div class=\"forminator-row\"><div id=\"textarea-1\" class=\"forminator-field-textarea forminator-col forminator-col-12 \"><div class=\"forminator-field\"><label for=\"forminator-field-textarea-1_69e7bed064a2c\" id=\"forminator-field-textarea-1_69e7bed064a2c-label\" class=\"forminator-label\">Mesaj<\/label><textarea name=\"textarea-1\" placeholder=\"Mesaj\u0131n\u0131z\u0131 giriniz...\" id=\"forminator-field-textarea-1_69e7bed064a2c\" class=\"forminator-textarea\" rows=\"6\" style=\"min-height:140px;\" maxlength=\"180\" ><\/textarea><span id=\"forminator-field-textarea-1_69e7bed064a2c-description\" class=\"forminator-description\"><span data-limit=\"180\" data-type=\"characters\" data-editor=\"\">0 \/ 180<\/span><\/span><\/div><\/div><\/div><input type=\"hidden\" name=\"referer_url\" value=\"\" \/><div class=\"forminator-row forminator-row-last\"><div class=\"forminator-col\"><div class=\"forminator-field\"><button class=\"forminator-button forminator-button-submit\"><span>Mesaj G&ouml;nder<\/span><span aria-hidden=\"true\"><\/span><\/button><\/div><\/div><\/div><input type=\"hidden\" id=\"forminator_nonce\" name=\"forminator_nonce\" value=\"28d6ffc83b\" \/><input type=\"hidden\" name=\"_wp_http_referer\" value=\"\/marina\/wp-json\/wp\/v2\/pages\/25\" \/><input type=\"hidden\" name=\"form_id\" value=\"1363\"><input type=\"hidden\" name=\"page_id\" value=\"25\"><input type=\"hidden\" name=\"form_type\" value=\"default\"><input type=\"hidden\" name=\"current_url\" value=\"https:\/\/ecesaray.com.tr\/marina\/iletisim\/\"><input type=\"hidden\" name=\"render_id\" value=\"0\"><input type=\"hidden\" name=\"action\" value=\"forminator_submit_form_custom-forms\"><\/form>[\/et_pb_code][\/et_pb_column][\/et_pb_row][\/et_pb_section]<\/p>\n","protected":false},"excerpt":{"rendered":"<p>\u0130leti\u015fimKaragozler Mevkii No:1 Yat Liman\u0131 Fethiye \/ Mugla(36.622950, 29.101346)36\u00b0 37\u2032 22.62\u201d N29\u00b0 6\u2032 4.8456\u201d E+90 252 612 88 29 (Marina Ofis) +90 252 612 50 05 (Santral)+90 252 612 50 08marina@ecemarina.com@ecesaraymarinaresort<div class=\"forminator-ui forminator-custom-form forminator-custom-form-1363 forminator-design--material  forminator_ajax\" data-forminator-render=\"1\" data-form=\"forminator-module-1363\" data-uid=\"69e7bed1aa9c2\"><br\/><\/div><form\n\t\t\t\tid=\"forminator-module-1363\"\n\t\t\t\tclass=\"forminator-ui forminator-custom-form forminator-custom-form-1363 forminator-design--material  forminator_ajax\"\n\t\t\t\tmethod=\"post\"\n\t\t\t\tdata-forminator-render=\"1\"\n\t\t\t\tdata-form-id=\"1363\"\n\t\t\t\t\n\t\t\t\tdata-design=\"material\"\n\t\t\t\t\n\t\t\t\t\n\t\t\t\t\n\t\t\t\tdata-grid=\"open\"\n\t\t\t\t\n\t\t\t\t\n\t\t\t\tstyle=\"display: none;\"\n\t\t\t\t\n\t\t\t\tdata-uid=\"69e7bed1aa9c2\"\n\t\t\t><div role=\"alert\" aria-live=\"polite\" class=\"forminator-response-message forminator-error\" aria-hidden=\"true\"><\/div><div class=\"forminator-row\"><div id=\"name-1\" class=\"forminator-field-name forminator-col forminator-col-12 \"><div class=\"forminator-field\"><label for=\"forminator-field-name-1_69e7bed1aa9c2\" id=\"forminator-field-name-1_69e7bed1aa9c2-label\" class=\"forminator-label\">Ad\u0131n\u0131z Soyad\u0131n\u0131z <span class=\"forminator-required\">*<\/span><\/label><input type=\"text\" name=\"name-1\" value=\"\" placeholder=\"\" id=\"forminator-field-name-1_69e7bed1aa9c2\" class=\"forminator-input forminator-name--field\" aria-required=\"true\" \/><\/div><\/div><\/div><div class=\"forminator-row\"><div id=\"email-1\" class=\"forminator-field-email forminator-col forminator-col-12 \"><div class=\"forminator-field\"><label for=\"forminator-field-email-1_69e7bed1aa9c2\" id=\"forminator-field-email-1_69e7bed1aa9c2-label\" class=\"forminator-label\">E-posta Adresi <span class=\"forminator-required\">*<\/span><\/label><input type=\"email\" name=\"email-1\" value=\"\" placeholder=\"\" id=\"forminator-field-email-1_69e7bed1aa9c2\" class=\"forminator-input forminator-email--field\" data-required=\"true\" aria-required=\"true\" \/><\/div><\/div><\/div><div class=\"forminator-row\"><div id=\"phone-1\" class=\"forminator-field-phone forminator-col forminator-col-12 \"><div class=\"forminator-field\"><label for=\"forminator-field-phone-1_69e7bed1aa9c2\" id=\"forminator-field-phone-1_69e7bed1aa9c2-label\" class=\"forminator-label\">Telefon Numaras\u0131<\/label><input type=\"text\" name=\"phone-1\" value=\"\" placeholder=\"\" id=\"forminator-field-phone-1_69e7bed1aa9c2\" class=\"forminator-input forminator-field--phone\" data-required=\"\" aria-required=\"false\" autocomplete=\"off\" \/><\/div><\/div><\/div><div class=\"forminator-row\"><div id=\"textarea-1\" class=\"forminator-field-textarea forminator-col forminator-col-12 \"><div class=\"forminator-field\"><label for=\"forminator-field-textarea-1_69e7bed1aa9c2\" id=\"forminator-field-textarea-1_69e7bed1aa9c2-label\" class=\"forminator-label\">Mesaj<\/label><textarea name=\"textarea-1\" placeholder=\"Mesaj\u0131n\u0131z\u0131 giriniz...\" id=\"forminator-field-textarea-1_69e7bed1aa9c2\" class=\"forminator-textarea\" rows=\"6\" style=\"min-height:140px;\" maxlength=\"180\" ><\/textarea><span id=\"forminator-field-textarea-1_69e7bed1aa9c2-description\" class=\"forminator-description\"><span data-limit=\"180\" data-type=\"characters\" data-editor=\"\">0 \/ 180<\/span><\/span><\/div><\/div><\/div><input type=\"hidden\" name=\"referer_url\" value=\"\" \/><div class=\"forminator-row forminator-row-last\"><div class=\"forminator-col\"><div class=\"forminator-field\"><button class=\"forminator-button forminator-button-submit\"><span>Mesaj G&ouml;nder<\/span><span aria-hidden=\"true\"><\/span><\/button><\/div><\/div><\/div><input type=\"hidden\" id=\"forminator_nonce\" name=\"forminator_nonce\" value=\"28d6ffc83b\" \/><input type=\"hidden\" name=\"_wp_http_referer\" value=\"\/marina\/wp-json\/wp\/v2\/pages\/25\" \/><input type=\"hidden\" name=\"form_id\" value=\"1363\"><input type=\"hidden\" name=\"page_id\" value=\"25\"><input type=\"hidden\" name=\"form_type\" value=\"default\"><input type=\"hidden\" name=\"current_url\" value=\"https:\/\/ecesaray.com.tr\/marina\/iletisim\/\"><input type=\"hidden\" name=\"render_id\" value=\"1\"><input type=\"hidden\" name=\"action\" value=\"forminator_submit_form_custom-forms\"><\/form><\/p>\n","protected":false},"author":1,"featured_media":0,"parent":0,"menu_order":0,"comment_status":"closed","ping_status":"closed","template":"","meta":{"_et_pb_use_builder":"on","_et_pb_old_content":"","_et_gb_content_width":"","footnotes":""},"class_list":["post-25","page","type-page","status-publish","hentry"],"jetpack_sharing_enabled":true,"_links":{"self":[{"href":"https:\/\/ecesaray.com.tr\/marina\/wp-json\/wp\/v2\/pages\/25"}],"collection":[{"href":"https:\/\/ecesaray.com.tr\/marina\/wp-json\/wp\/v2\/pages"}],"about":[{"href":"https:\/\/ecesaray.com.tr\/marina\/wp-json\/wp\/v2\/types\/page"}],"author":[{"embeddable":true,"href":"https:\/\/ecesaray.com.tr\/marina\/wp-json\/wp\/v2\/users\/1"}],"replies":[{"embeddable":true,"href":"https:\/\/ecesaray.com.tr\/marina\/wp-json\/wp\/v2\/comments?post=25"}],"version-history":[{"count":3,"href":"https:\/\/ecesaray.com.tr\/marina\/wp-json\/wp\/v2\/pages\/25\/revisions"}],"predecessor-version":[{"id":1578,"href":"https:\/\/ecesaray.com.tr\/marina\/wp-json\/wp\/v2\/pages\/25\/revisions\/1578"}],"wp:attachment":[{"href":"https:\/\/ecesaray.com.tr\/marina\/wp-json\/wp\/v2\/media?parent=25"}],"curies":[{"name":"wp","href":"https:\/\/api.w.org\/{rel}","templated":true}]}}